{"id":4,"date":"2017-10-16T00:43:49","date_gmt":"2017-10-16T00:43:49","guid":{"rendered":"http:\/\/nexum.cc\/?page_id=4"},"modified":"2022-02-14T09:42:35","modified_gmt":"2022-02-14T09:42:35","slug":"home","status":"publish","type":"page","link":"https:\/\/nexum.cc\/","title":{"rendered":"Home"},"content":{"rendered":"<div class=\"col-md-5\">\n<h3>Funcionalidades Nexum<\/h3>\n<p>Contact Center Cloud<\/p>\n<ul>\n<li>Marcador Predictivo<\/li>\n<li>Inicia operaciones en 1 d\u00eda<\/li>\n<li>Control Asesores<\/li>\n<li>Control del trafico usado<\/li>\n<li>Acceso BD para Anal\u00edtica<\/li>\n<li>Voice Analytics&nbsp;&nbsp;<\/li>\n<li>CRM integrado<\/li>\n<li>Workflow BPM<\/li>\n<li>Integraci\u00f3n con sistemas externos<\/li>\n<li>Escalabilidad desde 2 a cientos de asesores&nbsp;<\/li>\n<li>Multi Campana&nbsp;<\/li>\n<li>Multi Proveedor Trafico<\/li>\n<li>Storage Grabaciones&nbsp;<\/li>\n<\/ul>\n<\/div>\n<div class=\"col-md-6 col-md-offset-1\"><img decoding=\"async\" loading=\"lazy\" class=\"alignnone size-full wp-image-101\" src=\"http:\/\/nexum.cc\/wp-content\/uploads\/2022\/02\/benefitsCCCloud-1.png\" alt=\"\" width=\"1260\" height=\"633\" srcset=\"https:\/\/nexum.cc\/wp-content\/uploads\/2022\/02\/benefitsCCCloud-1.png 1260w, https:\/\/nexum.cc\/wp-content\/uploads\/2022\/02\/benefitsCCCloud-1-300x151.png 300w, https:\/\/nexum.cc\/wp-content\/uploads\/2022\/02\/benefitsCCCloud-1-768x386.png 768w, https:\/\/nexum.cc\/wp-content\/uploads\/2022\/02\/benefitsCCCloud-1-1024x514.png 1024w\" sizes=\"(max-width: 1260px) 100vw, 1260px\" \/><\/p>\n<h3>Funcionalidades Nexum<\/h3>\n<p>Contact Center Cloud<\/p>\n<ul>\n<li>Marcador Predictivo<\/li>\n<\/ul>\n<hr>\n<\/div>\n","protected":false},"excerpt":{"rendered":"<p>Funcionalidades Nexum Contact Center Cloud Marcador Predictivo Inicia operaciones en 1 d\u00eda Control Asesores Control del trafico usado Acceso BD para Anal\u00edtica Voice Analytics&nbsp;&nbsp; CRM integrado Workflow BPM Integraci\u00f3n con sistemas externos Escalabilidad desde 2 a cientos de asesores&nbsp; Multi Campana&nbsp; Multi Proveedor Trafico Storage Grabaciones&nbsp; Funcionalidades Nexum Contact Center Cloud Marcador Predictivo<\/p>\n","protected":false},"author":1,"featured_media":0,"parent":0,"menu_order":0,"comment_status":"closed","ping_status":"closed","template":"","meta":{"footnotes":""},"_links":{"self":[{"href":"https:\/\/nexum.cc\/index.php\/wp-json\/wp\/v2\/pages\/4"}],"collection":[{"href":"https:\/\/nexum.cc\/index.php\/wp-json\/wp\/v2\/pages"}],"about":[{"href":"https:\/\/nexum.cc\/index.php\/wp-json\/wp\/v2\/types\/page"}],"author":[{"embeddable":true,"href":"https:\/\/nexum.cc\/index.php\/wp-json\/wp\/v2\/users\/1"}],"replies":[{"embeddable":true,"href":"https:\/\/nexum.cc\/index.php\/wp-json\/wp\/v2\/comments?post=4"}],"version-history":[{"count":15,"href":"https:\/\/nexum.cc\/index.php\/wp-json\/wp\/v2\/pages\/4\/revisions"}],"predecessor-version":[{"id":122,"href":"https:\/\/nexum.cc\/index.php\/wp-json\/wp\/v2\/pages\/4\/revisions\/122"}],"wp:attachment":[{"href":"https:\/\/nexum.cc\/index.php\/wp-json\/wp\/v2\/media?parent=4"}],"curies":[{"name":"wp","href":"https:\/\/api.w.org\/{rel}","templated":true}]}}